{"id":592,"date":"2022-02-11T13:34:31","date_gmt":"2022-02-11T13:34:31","guid":{"rendered":"https:\/\/dwref-emden.de\/?page_id=592"},"modified":"2025-07-01T12:26:45","modified_gmt":"2025-07-01T12:26:45","slug":"pfaendungsschutzkonto","status":"publish","type":"page","link":"https:\/\/dwref-emden.de\/?page_id=592","title":{"rendered":"Pf\u00e4ndungsschutzkonto"},"content":{"rendered":"<div id='revolutionslider_1'  class='avia-layerslider avia-revolutionslider main_color avia-shadow  avia-builder-el-0  el_before_av_textblock  avia-builder-el-first   container_wrap sidebar_right'  >\n\t\t\t<!-- START Slider 2 REVOLUTION SLIDER 6.7.18 --><p class=\"rs-p-wp-fix\"><\/p>\n\t\t\t<rs-module-wrap id=\"rev_slider_2_1_wrapper\" data-source=\"gallery\" style=\"visibility:hidden;background:transparent;padding:0;margin:0px auto;margin-top:0;margin-bottom:0;\">\n\t\t\t\t<rs-module id=\"rev_slider_2_1\" style=\"\" data-version=\"6.7.18\">\n\t\t\t\t\t<rs-slides style=\"overflow: hidden; position: absolute;\">\n\t\t\t\t\t\t<rs-slide style=\"position: absolute;\" data-key=\"rs-7\" data-title=\"Slide\" data-anim=\"adpr:false;\" data-in=\"o:0;\" data-out=\"a:false;\">\n\t\t\t\t\t\t\t<img decoding=\"async\" src=\"\/\/dwref-emden.de\/wp-content\/plugins\/revslider\/sr6\/assets\/assets\/dummy.png\" alt=\"Slide\" title=\"Pf\u00e4ndungsschutzkonto\" class=\"rev-slidebg tp-rs-img rs-lazyload\" data-lazyload=\"\/\/dwref-emden.de\/wp-content\/plugins\/revslider\/sr6\/assets\/assets\/transparent.png\" data-no-retina>\n<!--\n\t\t\t\t\t\t\t--><rs-layer\n\t\t\t\t\t\t\t\tid=\"slider-2-slide-7-layer-2\" \n\t\t\t\t\t\t\t\tdata-type=\"image\"\n\t\t\t\t\t\t\t\tdata-rsp_ch=\"on\"\n\t\t\t\t\t\t\t\tdata-xy=\"xo:1px,0,0,0;yo:-1px,0,0,0;\"\n\t\t\t\t\t\t\t\tdata-text=\"w:normal;s:20,10,7,4;l:0,13,9,6;\"\n\t\t\t\t\t\t\t\tdata-dim=\"w:1920px,1024px,778px,480px;h:550px,293px,222px,136px;\"\n\t\t\t\t\t\t\t\tdata-frame_999=\"o:0;st:w;\"\n\t\t\t\t\t\t\t\tstyle=\"z-index:5;\"\n\t\t\t\t\t\t\t><img decoding=\"async\" src=\"\/\/dwref-emden.de\/wp-content\/plugins\/revslider\/sr6\/assets\/assets\/dummy.png\" alt=\"\" class=\"tp-rs-img rs-lazyload\" width=\"1920\" height=\"550\" data-lazyload=\"\/\/dwref-emden.de\/wp-content\/uploads\/2022\/02\/image01.jpg\" data-no-retina> \n\t\t\t\t\t\t\t<\/rs-layer><!--\n-->\t\t\t\t\t<\/rs-slide>\n\t\t\t\t\t\t<rs-slide style=\"position: absolute;\" data-key=\"rs-8\" data-title=\"Slide\" data-anim=\"adpr:false;\" data-in=\"o:0;\" data-out=\"a:false;\">\n\t\t\t\t\t\t\t<img decoding=\"async\" src=\"\/\/dwref-emden.de\/wp-content\/plugins\/revslider\/sr6\/assets\/assets\/dummy.png\" alt=\"Slide\" title=\"Pf\u00e4ndungsschutzkonto\" class=\"rev-slidebg tp-rs-img rs-lazyload\" data-lazyload=\"\/\/dwref-emden.de\/wp-content\/plugins\/revslider\/sr6\/assets\/assets\/transparent.png\" data-no-retina>\n<!--\n\t\t\t\t\t\t\t--><rs-layer\n\t\t\t\t\t\t\t\tid=\"slider-2-slide-8-layer-3\" \n\t\t\t\t\t\t\t\tdata-type=\"image\"\n\t\t\t\t\t\t\t\tdata-rsp_ch=\"on\"\n\t\t\t\t\t\t\t\tdata-text=\"w:normal;s:20,10,7,4;l:0,13,9,6;\"\n\t\t\t\t\t\t\t\tdata-dim=\"w:2532px,1350px,1025px,632px;h:725px,386px,293px,180px;\"\n\t\t\t\t\t\t\t\tdata-frame_999=\"o:0;st:w;\"\n\t\t\t\t\t\t\t\tstyle=\"z-index:5;\"\n\t\t\t\t\t\t\t><img decoding=\"async\" src=\"\/\/dwref-emden.de\/wp-content\/plugins\/revslider\/sr6\/assets\/assets\/dummy.png\" alt=\"\" class=\"tp-rs-img rs-lazyload\" width=\"2532\" height=\"725\" data-lazyload=\"\/\/dwref-emden.de\/wp-content\/uploads\/2022\/02\/image02.jpg\" data-no-retina> \n\t\t\t\t\t\t\t<\/rs-layer><!--\n-->\t\t\t\t\t<\/rs-slide>\n\t\t\t\t\t\t<rs-slide style=\"position: absolute;\" data-key=\"rs-11\" data-title=\"Slide\" data-anim=\"adpr:false;\" data-in=\"o:0;\" data-out=\"a:false;\">\n\t\t\t\t\t\t\t<img decoding=\"async\" src=\"\/\/dwref-emden.de\/wp-content\/plugins\/revslider\/sr6\/assets\/assets\/dummy.png\" alt=\"Slide\" title=\"Pf\u00e4ndungsschutzkonto\" class=\"rev-slidebg tp-rs-img rs-lazyload\" data-lazyload=\"\/\/dwref-emden.de\/wp-content\/plugins\/revslider\/sr6\/assets\/assets\/transparent.png\" data-no-retina>\n<!--\n\t\t\t\t\t\t\t--><rs-layer\n\t\t\t\t\t\t\t\tid=\"slider-2-slide-11-layer-5\" \n\t\t\t\t\t\t\t\tdata-type=\"image\"\n\t\t\t\t\t\t\t\tdata-rsp_ch=\"on\"\n\t\t\t\t\t\t\t\tdata-xy=\"xo:-1px,0,0,0;\"\n\t\t\t\t\t\t\t\tdata-text=\"w:normal;s:20,10,7,4;l:0,13,9,6;\"\n\t\t\t\t\t\t\t\tdata-dim=\"w:2146px,1144px,869px,536px;h:615px,328px,249px,153px;\"\n\t\t\t\t\t\t\t\tdata-frame_999=\"o:0;st:w;\"\n\t\t\t\t\t\t\t\tstyle=\"z-index:5;\"\n\t\t\t\t\t\t\t><img decoding=\"async\" src=\"\/\/dwref-emden.de\/wp-content\/plugins\/revslider\/sr6\/assets\/assets\/dummy.png\" alt=\"\" class=\"tp-rs-img rs-lazyload\" width=\"2146\" height=\"615\" data-lazyload=\"\/\/dwref-emden.de\/wp-content\/uploads\/2022\/02\/image03.jpg\" data-no-retina> \n\t\t\t\t\t\t\t<\/rs-layer><!--\n-->\t\t\t\t\t<\/rs-slide>\n\t\t\t\t\t\t<rs-slide style=\"position: absolute;\" data-key=\"rs-13\" data-title=\"Slide\" data-anim=\"adpr:false;\" data-in=\"o:0;\" data-out=\"a:false;\">\n\t\t\t\t\t\t\t<img decoding=\"async\" src=\"\/\/dwref-emden.de\/wp-content\/plugins\/revslider\/sr6\/assets\/assets\/dummy.png\" alt=\"Slide\" title=\"Pf\u00e4ndungsschutzkonto\" class=\"rev-slidebg tp-rs-img rs-lazyload\" data-lazyload=\"\/\/dwref-emden.de\/wp-content\/plugins\/revslider\/sr6\/assets\/assets\/transparent.png\" data-no-retina>\n<!--\n\t\t\t\t\t\t\t--><rs-layer\n\t\t\t\t\t\t\t\tid=\"slider-2-slide-13-layer-0\" \n\t\t\t\t\t\t\t\tdata-type=\"image\"\n\t\t\t\t\t\t\t\tdata-rsp_ch=\"on\"\n\t\t\t\t\t\t\t\tdata-text=\"w:normal;s:20,10,7,4;l:0,13,9,6;\"\n\t\t\t\t\t\t\t\tdata-dim=\"w:1920px,1024px,778px,480px;h:550px,293px,222px,136px;\"\n\t\t\t\t\t\t\t\tdata-frame_999=\"o:0;st:w;\"\n\t\t\t\t\t\t\t\tstyle=\"z-index:5;\"\n\t\t\t\t\t\t\t><img decoding=\"async\" src=\"\/\/dwref-emden.de\/wp-content\/plugins\/revslider\/sr6\/assets\/assets\/dummy.png\" alt=\"\" class=\"tp-rs-img rs-lazyload\" width=\"1920\" height=\"550\" data-lazyload=\"\/\/dwref-emden.de\/wp-content\/uploads\/2022\/02\/image04.jpg\" data-no-retina> \n\t\t\t\t\t\t\t<\/rs-layer><!--\n-->\t\t\t\t\t<\/rs-slide>\n\t\t\t\t\t<\/rs-slides>\n\t\t\t\t<\/rs-module>\n\t\t\t\t<script>\n\t\t\t\t\tsetREVStartSize({c: 'rev_slider_2_1',rl:[1240,1024,778,480],el:[450,511.992,960,240],gw:[1920,1024,778,480],gh:[450,512,389,240],type:'standard',justify:'',layout:'fullwidth',mh:\"0\"});if (window.RS_MODULES!==undefined && window.RS_MODULES.modules!==undefined && window.RS_MODULES.modules[\"revslider21\"]!==undefined) {window.RS_MODULES.modules[\"revslider21\"].once = false;window.revapi2 = undefined;if (window.RS_MODULES.checkMinimal!==undefined) window.RS_MODULES.checkMinimal()}\n\t\t\t\t<\/script>\n\t\t\t<\/rs-module-wrap>\n\t\t\t<!-- END REVOLUTION SLIDER -->\n<\/div><div id='after_revolutionslider_1'  class='main_color av_default_container_wrap container_wrap sidebar_right'  ><div class='container av-section-cont-open' ><div class='template-page content  av-content-small alpha units'><div class='post-entry post-entry-type-page post-entry-592'><div class='entry-content-wrapper clearfix'>\n<section  class='av_textblock_section av-akne0-c701bd824b14a17a44aa84d42bb9ead0 '   itemscope=\"itemscope\" itemtype=\"https:\/\/schema.org\/CreativeWork\" ><div class='avia_textblock'  itemprop=\"text\" ><h3><strong>\u00c4nderungen beim Pf\u00e4ndungsschutzkonto seit Dezember 2021<\/strong><\/h3>\n<p>Vieles l\u00e4uft \u00fcber das Girokonto, ob Miete \u00fcberweisen, die Handyrechnung bezahlen oder Eink\u00e4ufe mit der Bankkarte erledigen. Doch wer seine Rechnungen nicht bezahlt oder Ratenzahlungen nicht nachkommt, muss damit rechnen, dass das Konto gepf\u00e4ndet wird. Dann geht nichts mehr.<\/p>\n<p>Damit Betroffene wieder \u00fcber das Konto verf\u00fcgen k\u00f6nnen, um Zahlungsverpflichtungen nachzukommen, muss das Girokonto in ein Pf\u00e4ndungsschutzkonto, kurz P-Konto, umgewandelt werden.<\/p>\n<p>Ab dem 1. Dezember 2021 gelten daf\u00fcr neue Regeln. Wichtige Fragen und Antworten:<\/p>\n<h3><strong>Was hat es mit dem P-Konto auf sich?<\/strong><\/h3>\n<p>Im Falle einer Kontopf\u00e4ndung hilft die Umwandlung des Kontos in ein P-Konto den Inhaber oder die Inhaberin trotzdem noch \u00fcber einen bestimmten Betrag frei verf\u00fcgen zu k\u00f6nnen.<\/p>\n<h3><strong>Wie hoch sind die Pf\u00e4ndungsfreigrenzen?<\/strong><\/h3>\n<p>Der Sockelbetrag betr\u00e4gt derzeit 1560,00 Euro auf dem P-Konto. Bei jeder Person, die ihr Konto umwandelt, sind die Einnahmen bis zu diesem Betrag gesch\u00fctzt. Der Betrag l\u00e4sst sich mit einer sogenannten P-Konto-Bescheinigung erh\u00f6hen, wenn man zum Beispiel Unterhaltspflichten hat.<\/p>\n<p>Wer unterhaltspflichtig gegen\u00fcber einer weiteren Person ist oder f\u00fcr diese Sozialleistungen entgegennimmt, hat in aller Regel einen Freibetrag von derzeit 2145,23 Euro pro Monat. Die H\u00f6he des Freibetrags steigt mit jeder weiteren Person, gegen\u00fcber der eine Unterhaltspflicht besteht.<\/p>\n<h3><strong>Ab Dezember ist unter anderem vorgesehen, die Ansparm\u00f6glichkeiten auf dem P-Konto zu erweitern. Wie sieht das konkret aus?<\/strong><\/h3>\n<p>Es kommt vor, dass ein Kontoinhaber oder eine Kontoinhaberin gesch\u00fctztes Guthaben aus dem monatlichen Freibetrag nicht komplett verbrauchen. Sie k\u00f6nnen nun drei Monate ihr Guthaben auf den n\u00e4chsten Monat \u00fcbertragen. Bislang war das nur f\u00fcr einen Monat erlaubt.<\/p>\n<h3><strong>Welche weiteren Neuerungen gibt es beim P-Konto ab Dezember?<\/strong><\/h3>\n<p>Der Gesetzgeber hat klargestellt, dass eine Bank ein Girokonto auch dann in ein P-Konto umwandeln muss, wenn das Girokonto im Minus steht. Der negative Saldo ist dann k\u00fcnftig auf einem separaten Konto zu f\u00fchren. Zudem werden die jeweiligen Freibetr\u00e4ge k\u00fcnftig j\u00e4hrlich &#8211; und nicht mehr wie bisher alle zwei Jahre &#8211; angepasst. Ein P-Konto ist ein Guthabenkonto. Eine \u00dcberziehung ist somit nicht mehr m\u00f6glich.<\/p>\n<h3><strong>Wie sieht es mit Gemeinschaftskonten aus?<\/strong><\/h3>\n<p>Generell ist es nur m\u00f6glich, das P-Konto als Einzelkonto zu f\u00fchren und Guthaben entsprechend zu sch\u00fctzen.<br \/>\nK\u00fcnftig k\u00f6nnen im Fall einer Pf\u00e4ndung alle Inhaber des Gemeinschaftskontos innerhalb eines Monats von dem Kreditinstitut die \u00dcbertragung des Guthabens nach Kopfteilen auf Einzelkonten verlangen. Vorausgesetzt, es handelt sich hierbei um Privatpersonen und nicht etwa um Vereine oder Firmen.<\/p>\n<h3><strong>Unpf\u00e4ndbarkeit des Kontos: Was hat es damit auf sich?<\/strong><\/h3>\n<p>Auf Antrag kann das Vollstreckungsgericht festsetzen, dass das gesamte Guthaben auf dem Konto unpf\u00e4ndbar ist. Hierf\u00fcr m\u00fcssen Schuldner glaubhaft machen, dass k\u00fcnftig kein pf\u00e4ndbares Einkommen zu erwarten ist. Das kann etwa bei Sozialrentnern der Fall sein. K\u00fcnftig muss nur noch f\u00fcr sechs &#8211; und nicht mehr wie bisher f\u00fcr zw\u00f6lf Monate &#8211; glaubhaft gemacht werden, dass mit keinem pf\u00e4ndbaren Einkommen zu rechnen ist.<\/p>\n<h3><strong>Was ist mit Nachzahlungen?<\/strong><\/h3>\n<p>Wer Leistungen wie etwa Rente oder Kindergeld beantragt, bekommt sie nicht selten zeitverz\u00f6gert bewilligt &#8211; also mit Nachzahlungen. Der dann ausgezahlte Betrag f\u00fcr mehrere Monate kann, wenn er auf ein P-Konto flie\u00dft, den dort hinterlegten Freibetrag h\u00e4ufig \u00fcbersteigen. Damit dieses Geld nicht bei Gl\u00e4ubigern landet, kann k\u00fcnftig ein Teil dieser Zahlungen \u00fcber eine Bescheinigung freigestellt werden. Der Gesetzgeber hat au\u00dferdem klargestellt, dass ein P-Konto auch wieder in ein normales Konto umgewandelt werden kann, wenn Pf\u00e4ndungen auf dem Konto nicht mehr vorliegen.<\/p>\n<h3 style=\"text-align: center;\"><strong>Unsere Beratungsstelle stellt entsprechende Bescheinigungen kostenlos aus.<\/strong><\/h3>\n<\/div><\/section>\n","protected":false},"excerpt":{"rendered":"","protected":false},"author":2,"featured_media":0,"parent":0,"menu_order":0,"comment_status":"closed","ping_status":"closed","template":"","meta":{"footnotes":""},"class_list":["post-592","page","type-page","status-publish","hentry"],"_links":{"self":[{"href":"https:\/\/dwref-emden.de\/index.php?rest_route=\/wp\/v2\/pages\/592","targetHints":{"allow":["GET"]}}],"collection":[{"href":"https:\/\/dwref-emden.de\/index.php?rest_route=\/wp\/v2\/pages"}],"about":[{"href":"https:\/\/dwref-emden.de\/index.php?rest_route=\/wp\/v2\/types\/page"}],"author":[{"embeddable":true,"href":"https:\/\/dwref-emden.de\/index.php?rest_route=\/wp\/v2\/users\/2"}],"replies":[{"embeddable":true,"href":"https:\/\/dwref-emden.de\/index.php?rest_route=%2Fwp%2Fv2%2Fcomments&post=592"}],"version-history":[{"count":13,"href":"https:\/\/dwref-emden.de\/index.php?rest_route=\/wp\/v2\/pages\/592\/revisions"}],"predecessor-version":[{"id":710,"href":"https:\/\/dwref-emden.de\/index.php?rest_route=\/wp\/v2\/pages\/592\/revisions\/710"}],"wp:attachment":[{"href":"https:\/\/dwref-emden.de\/index.php?rest_route=%2Fwp%2Fv2%2Fmedia&parent=592"}],"curies":[{"name":"wp","href":"https:\/\/api.w.org\/{rel}","templated":true}]}}